{"id":1652,"date":"2023-03-01T02:30:00","date_gmt":"2023-03-01T02:30:00","guid":{"rendered":"https:\/\/eaglemuaythai.ch\/?page_id=1652"},"modified":"2023-03-03T09:39:52","modified_gmt":"2023-03-03T09:39:52","slug":"emtworkshopfurfirmen","status":"publish","type":"page","link":"https:\/\/eaglemuaythai.ch\/?page_id=1652","title":{"rendered":"EMT WORKSHOP F\u00dcR FIRMEN"},"content":{"rendered":"\t\t<div data-elementor-type=\"wp-page\" data-elementor-id=\"1652\" class=\"elementor elementor-1652\">\n\t\t\t\t\t\t<section class=\"elementor-section elementor-top-section elementor-element elementor-element-c70fddf elementor-section-height-min-height elementor-section-boxed elementor-section-height-default elementor-section-items-middle wpr-particle-no wpr-jarallax-no wpr-parallax-no wpr-sticky-section-no\" data-id=\"c70fddf\" data-element_type=\"section\" data-settings=\"{&quot;background_background&quot;:&quot;classic&quot;,&quot;shape_divider_bottom&quot;:&quot;tilt&quot;}\">\n\t\t\t\t\t\t\t<div class=\"elementor-background-overlay\"><\/div>\n\t\t\t\t\t\t<div class=\"elementor-shape elementor-shape-bottom\" data-negative=\"false\">\n\t\t\t<svg xmlns=\"http:\/\/www.w3.org\/2000\/svg\" viewBox=\"0 0 1000 100\" preserveAspectRatio=\"none\">\n\t<path class=\"elementor-shape-fill\" d=\"M0,6V0h1000v100L0,6z\"\/>\n<\/svg>\t\t<\/div>\n\t\t\t\t\t<div class=\"elementor-container elementor-column-gap-default\">\n\t\t\t\t\t<div class=\"elementor-column elementor-col-100 elementor-top-column elementor-element elementor-element-86a6471\" data-id=\"86a6471\" data-element_type=\"column\">\n\t\t\t<div class=\"elementor-widget-wrap elementor-element-populated\">\n\t\t\t\t\t\t<div class=\"elementor-element elementor-element-1a3b7cb elementor-widget elementor-widget-heading\" data-id=\"1a3b7cb\" data-element_type=\"widget\" data-widget_type=\"heading.default\">\n\t\t\t\t<div class=\"elementor-widget-container\">\n\t\t\t<style>\/*! elementor - v3.19.0 - 29-01-2024 *\/\n.elementor-heading-title{padding:0;margin:0;line-height:1}.elementor-widget-heading .elementor-heading-title[class*=elementor-size-]>a{color:inherit;font-size:inherit;line-height:inherit}.elementor-widget-heading .elementor-heading-title.elementor-size-small{font-size:15px}.elementor-widget-heading .elementor-heading-title.elementor-size-medium{font-size:19px}.elementor-widget-heading .elementor-heading-title.elementor-size-large{font-size:29px}.elementor-widget-heading .elementor-heading-title.elementor-size-xl{font-size:39px}.elementor-widget-heading .elementor-heading-title.elementor-size-xxl{font-size:59px}<\/style><h2 class=\"elementor-heading-title elementor-size-default\">EMT WORKSHOP F\u00dcR FIRMEN<\/h2>\t\t<\/div>\n\t\t\t\t<\/div>\n\t\t\t\t\t<\/div>\n\t\t<\/div>\n\t\t\t\t\t<\/div>\n\t\t<\/section>\n\t\t\t\t<section class=\"elementor-section elementor-top-section elementor-element elementor-element-8de306b elementor-section-boxed elementor-section-height-default elementor-section-height-default wpr-particle-no wpr-jarallax-no wpr-parallax-no wpr-sticky-section-no\" data-id=\"8de306b\" data-element_type=\"section\">\n\t\t\t\t\t\t<div class=\"elementor-container elementor-column-gap-default\">\n\t\t\t\t\t<div class=\"elementor-column elementor-col-50 elementor-top-column elementor-element elementor-element-b9cb457\" data-id=\"b9cb457\" data-element_type=\"column\">\n\t\t\t<div class=\"elementor-widget-wrap elementor-element-populated\">\n\t\t\t\t\t\t<div class=\"elementor-element elementor-element-380a2e2 elementor-widget elementor-widget-text-editor\" data-id=\"380a2e2\" data-element_type=\"widget\" data-widget_type=\"text-editor.default\">\n\t\t\t\t<div class=\"elementor-widget-container\">\n\t\t\t<style>\/*! elementor - v3.19.0 - 29-01-2024 *\/\n.elementor-widget-text-editor.elementor-drop-cap-view-stacked .elementor-drop-cap{background-color:#69727d;color:#fff}.elementor-widget-text-editor.elementor-drop-cap-view-framed .elementor-drop-cap{color:#69727d;border:3px solid;background-color:transparent}.elementor-widget-text-editor:not(.elementor-drop-cap-view-default) .elementor-drop-cap{margin-top:8px}.elementor-widget-text-editor:not(.elementor-drop-cap-view-default) .elementor-drop-cap-letter{width:1em;height:1em}.elementor-widget-text-editor .elementor-drop-cap{float:left;text-align:center;line-height:1;font-size:50px}.elementor-widget-text-editor .elementor-drop-cap-letter{display:inline-block}<\/style>\t\t\t\t<p>Buche jetzt ein EMT Workshop f\u00fcr deine Firma oder dein Arbeitsteam. P\u00e4dagogisches Boxen bringt vielerlei M\u00f6glichkeiten f\u00fcr die Entwicklung deines Teams. Gezielte \u00dcbungen und der gegenseitige Erfahrungsaustausch bietet vielerlei M\u00f6glichkeiten in Kontakt zu treten.&nbsp;<\/p>\n<p>Pers\u00f6nliche W\u00fcnsche, Erwartungen und Ziele werden physisch erfahren und zum Ausdruck gebracht. M\u00f6gliche Themen k\u00f6nnen sein:<\/p>\n<p><span style=\"background-color: rgba(233, 11, 11, 0);\">Was w\u00fcnsche ich mir vom Team?<\/span><br><\/p>\n<p>Was ist mir pers\u00f6nlich am wichtigsten?<\/p>\n<p>Was kann ich pers\u00f6nlich ins Team einbringen?<\/p>\n<p>Welche Erwartungen habe ich an das Team in Bezug auf Themen wie Kommunikation, Arbeit, Ressourcen? usw.<\/p>\n<p>Wohin m\u00f6chte ich?<\/p>\n<p>Daraus werden gemeinsame Haltungen und Ziele entwickelt und individuelle Ressourcen k\u00f6nnen entdeckt werden.<\/p>\t\t\t\t\t\t<\/div>\n\t\t\t\t<\/div>\n\t\t\t\t\t<\/div>\n\t\t<\/div>\n\t\t\t\t<div class=\"elementor-column elementor-col-50 elementor-top-column elementor-element elementor-element-93e5b35\" data-id=\"93e5b35\" data-element_type=\"column\">\n\t\t\t<div class=\"elementor-widget-wrap elementor-element-populated\">\n\t\t\t\t\t\t<div class=\"elementor-element elementor-element-51defb6 elementor-widget elementor-widget-image\" data-id=\"51defb6\" data-element_type=\"widget\" data-widget_type=\"image.default\">\n\t\t\t\t<div class=\"elementor-widget-container\">\n\t\t\t<style>\/*! elementor - v3.19.0 - 29-01-2024 *\/\n.elementor-widget-image{text-align:center}.elementor-widget-image a{display:inline-block}.elementor-widget-image a img[src$=\".svg\"]{width:48px}.elementor-widget-image img{vertical-align:middle;display:inline-block}<\/style>\t\t\t\t\t\t\t\t\t\t<img fetchpriority=\"high\" decoding=\"async\" width=\"768\" height=\"1151\" src=\"https:\/\/eaglemuaythai.ch\/wp-content\/uploads\/2023\/03\/pexels-fauxels-3184431-768x1151.jpg\" class=\"attachment-medium_large size-medium_large wp-image-1476\" alt=\"\" srcset=\"https:\/\/eaglemuaythai.ch\/wp-content\/uploads\/2023\/03\/pexels-fauxels-3184431-768x1151.jpg 768w, https:\/\/eaglemuaythai.ch\/wp-content\/uploads\/2023\/03\/pexels-fauxels-3184431-200x300.jpg 200w, https:\/\/eaglemuaythai.ch\/wp-content\/uploads\/2023\/03\/pexels-fauxels-3184431-683x1024.jpg 683w, https:\/\/eaglemuaythai.ch\/wp-content\/uploads\/2023\/03\/pexels-fauxels-3184431-1025x1536.jpg 1025w, https:\/\/eaglemuaythai.ch\/wp-content\/uploads\/2023\/03\/pexels-fauxels-3184431-1367x2048.jpg 1367w, https:\/\/eaglemuaythai.ch\/wp-content\/uploads\/2023\/03\/pexels-fauxels-3184431-scaled.jpg 1708w\" sizes=\"(max-width: 768px) 100vw, 768px\" \/>\t\t\t\t\t\t\t\t\t\t\t\t\t<\/div>\n\t\t\t\t<\/div>\n\t\t\t\t\t<\/div>\n\t\t<\/div>\n\t\t\t\t\t<\/div>\n\t\t<\/section>\n\t\t\t\t<\/div>\n\t\t","protected":false},"excerpt":{"rendered":"<p>EMT WORKSHOP F\u00dcR FIRMEN Buche jetzt ein EMT Workshop f\u00fcr deine Firma oder dein Arbeitsteam. P\u00e4dagogisches Boxen bringt vielerlei M\u00f6glichkeiten f\u00fcr die Entwicklung deines Teams. Gezielte \u00dcbungen und der gegenseitige Erfahrungsaustausch bietet vielerlei M\u00f6glichkeiten in Kontakt zu treten.&nbsp; Pers\u00f6nliche W\u00fcnsche, Erwartungen und Ziele werden physisch erfahren und zum Ausdruck gebracht. M\u00f6gliche Themen k\u00f6nnen sein: Was [&hellip;]<\/p>\n","protected":false},"author":1,"featured_media":0,"parent":0,"menu_order":0,"comment_status":"closed","ping_status":"closed","template":"elementor_canvas","meta":{"footnotes":""},"class_list":["post-1652","page","type-page","status-publish","hentry"],"_links":{"self":[{"href":"https:\/\/eaglemuaythai.ch\/index.php?rest_route=\/wp\/v2\/pages\/1652","targetHints":{"allow":["GET"]}}],"collection":[{"href":"https:\/\/eaglemuaythai.ch\/index.php?rest_route=\/wp\/v2\/pages"}],"about":[{"href":"https:\/\/eaglemuaythai.ch\/index.php?rest_route=\/wp\/v2\/types\/page"}],"author":[{"embeddable":true,"href":"https:\/\/eaglemuaythai.ch\/index.php?rest_route=\/wp\/v2\/users\/1"}],"replies":[{"embeddable":true,"href":"https:\/\/eaglemuaythai.ch\/index.php?rest_route=%2Fwp%2Fv2%2Fcomments&post=1652"}],"version-history":[{"count":28,"href":"https:\/\/eaglemuaythai.ch\/index.php?rest_route=\/wp\/v2\/pages\/1652\/revisions"}],"predecessor-version":[{"id":2564,"href":"https:\/\/eaglemuaythai.ch\/index.php?rest_route=\/wp\/v2\/pages\/1652\/revisions\/2564"}],"wp:attachment":[{"href":"https:\/\/eaglemuaythai.ch\/index.php?rest_route=%2Fwp%2Fv2%2Fmedia&parent=1652"}],"curies":[{"name":"wp","href":"https:\/\/api.w.org\/{rel}","templated":true}]}}