{"id":1336,"date":"2023-02-28T23:39:37","date_gmt":"2023-02-28T23:39:37","guid":{"rendered":"https:\/\/eaglemuaythai.ch\/?page_id=1336"},"modified":"2023-03-03T09:45:22","modified_gmt":"2023-03-03T09:45:22","slug":"muaythai","status":"publish","type":"page","link":"https:\/\/eaglemuaythai.ch\/?page_id=1336","title":{"rendered":"Muay Thai"},"content":{"rendered":"\t\t<div data-elementor-type=\"wp-page\" data-elementor-id=\"1336\" class=\"elementor elementor-1336\">\n\t\t\t\t\t\t<section class=\"elementor-section elementor-top-section elementor-element elementor-element-c70fddf elementor-section-height-min-height elementor-section-boxed elementor-section-height-default elementor-section-items-middle wpr-particle-no wpr-jarallax-no wpr-parallax-no wpr-sticky-section-no\" data-id=\"c70fddf\" data-element_type=\"section\" data-settings=\"{&quot;background_background&quot;:&quot;classic&quot;,&quot;shape_divider_bottom&quot;:&quot;tilt&quot;}\">\n\t\t\t\t\t\t\t<div class=\"elementor-background-overlay\"><\/div>\n\t\t\t\t\t\t<div class=\"elementor-shape elementor-shape-bottom\" data-negative=\"false\">\n\t\t\t<svg xmlns=\"http:\/\/www.w3.org\/2000\/svg\" viewBox=\"0 0 1000 100\" preserveAspectRatio=\"none\">\n\t<path class=\"elementor-shape-fill\" d=\"M0,6V0h1000v100L0,6z\"\/>\n<\/svg>\t\t<\/div>\n\t\t\t\t\t<div class=\"elementor-container elementor-column-gap-default\">\n\t\t\t\t\t<div class=\"elementor-column elementor-col-100 elementor-top-column elementor-element elementor-element-86a6471\" data-id=\"86a6471\" data-element_type=\"column\">\n\t\t\t<div class=\"elementor-widget-wrap elementor-element-populated\">\n\t\t\t\t\t\t<div class=\"elementor-element elementor-element-1a3b7cb elementor-widget elementor-widget-heading\" data-id=\"1a3b7cb\" data-element_type=\"widget\" data-widget_type=\"heading.default\">\n\t\t\t\t<div class=\"elementor-widget-container\">\n\t\t\t<style>\/*! elementor - v3.19.0 - 29-01-2024 *\/\n.elementor-heading-title{padding:0;margin:0;line-height:1}.elementor-widget-heading .elementor-heading-title[class*=elementor-size-]>a{color:inherit;font-size:inherit;line-height:inherit}.elementor-widget-heading .elementor-heading-title.elementor-size-small{font-size:15px}.elementor-widget-heading .elementor-heading-title.elementor-size-medium{font-size:19px}.elementor-widget-heading .elementor-heading-title.elementor-size-large{font-size:29px}.elementor-widget-heading .elementor-heading-title.elementor-size-xl{font-size:39px}.elementor-widget-heading .elementor-heading-title.elementor-size-xxl{font-size:59px}<\/style><h2 class=\"elementor-heading-title elementor-size-default\">muaY thai<\/h2>\t\t<\/div>\n\t\t\t\t<\/div>\n\t\t\t\t\t<\/div>\n\t\t<\/div>\n\t\t\t\t\t<\/div>\n\t\t<\/section>\n\t\t\t\t<section class=\"elementor-section elementor-top-section elementor-element elementor-element-108d361 elementor-section-boxed elementor-section-height-default elementor-section-height-default wpr-particle-no wpr-jarallax-no wpr-parallax-no wpr-sticky-section-no\" data-id=\"108d361\" data-element_type=\"section\">\n\t\t\t\t\t\t<div class=\"elementor-container elementor-column-gap-default\">\n\t\t\t\t\t<div class=\"elementor-column elementor-col-33 elementor-top-column elementor-element elementor-element-fb1a482\" data-id=\"fb1a482\" data-element_type=\"column\">\n\t\t\t<div class=\"elementor-widget-wrap\">\n\t\t\t\t\t\t\t<\/div>\n\t\t<\/div>\n\t\t\t\t<div class=\"elementor-column elementor-col-33 elementor-top-column elementor-element elementor-element-a93f688\" data-id=\"a93f688\" data-element_type=\"column\">\n\t\t\t<div class=\"elementor-widget-wrap elementor-element-populated\">\n\t\t\t\t\t\t<div class=\"elementor-element elementor-element-17053e8 elementor-widget elementor-widget-text-editor\" data-id=\"17053e8\" data-element_type=\"widget\" data-widget_type=\"text-editor.default\">\n\t\t\t\t<div class=\"elementor-widget-container\">\n\t\t\t<style>\/*! elementor - v3.19.0 - 29-01-2024 *\/\n.elementor-widget-text-editor.elementor-drop-cap-view-stacked .elementor-drop-cap{background-color:#69727d;color:#fff}.elementor-widget-text-editor.elementor-drop-cap-view-framed .elementor-drop-cap{color:#69727d;border:3px solid;background-color:transparent}.elementor-widget-text-editor:not(.elementor-drop-cap-view-default) .elementor-drop-cap{margin-top:8px}.elementor-widget-text-editor:not(.elementor-drop-cap-view-default) .elementor-drop-cap-letter{width:1em;height:1em}.elementor-widget-text-editor .elementor-drop-cap{float:left;text-align:center;line-height:1;font-size:50px}.elementor-widget-text-editor .elementor-drop-cap-letter{display:inline-block}<\/style>\t\t\t\t<p>Muay Thai, auch bekannt als &#8220;Thail\u00e4ndisches Boxen&#8221;, ist eine Kampfsportart, die ihren Ursprung in Thailand hat und heute weltweit praktiziert wird. Muay Thai ist bekannt f\u00fcr seine kraftvollen Schl\u00e4ge, Knie- und Ellbogentechniken sowie f\u00fcr den Einsatz von Clinch-Techniken.<\/p><p>Die Geschichte des Muay Thai reicht mehrere Jahrhunderte zur\u00fcck und ist eng mit der thail\u00e4ndischen Kultur verbunden. Es wird angenommen, dass die Urspr\u00fcnge des Muay Thai in der Notwendigkeit der thail\u00e4ndischen Krieger liegen, sich im Kampf gegen feindliche Armeen und Eindringlinge zu verteidigen. In der Tat waren K\u00e4mpfe ohne Regeln eine h\u00e4ufige Form des Kampfes in Thailand, und Muay Thai entwickelte sich schlie\u00dflich zu einer strukturierten Kampfkunst.<\/p><p>W\u00e4hrend seiner Geschichte wurde Muay Thai von der Regierung Thailands unterst\u00fctzt und gef\u00f6rdert. Im 20. Jahrhundert wurde das Muay Thai zu einer der wichtigsten Sportarten des Landes und es entstanden zahlreiche Schulen und Trainingszentren.<\/p><p>Heute ist Muay Thai eine beliebte Kampfsportart auf der ganzen Welt und wird von vielen Menschen als Form des Fitnesstrainings oder als Wettkampfsport betrieben. Muay Thai-K\u00e4mpfer treten oft in Wettk\u00e4mpfen gegen K\u00e4mpfer anderer Kampfsportarten an, was zu einer breiten Anerkennung der Kampfkunst gef\u00fchrt hat.<\/p><p>Das Training im Muay Thai konzentriert sich auf die Verbesserung der k\u00f6rperlichen Fitness und der Kampftechniken. Techniken wie Schattenboxen, Partner\u00fcbungen und Sparring sind wichtige Elemente des Trainings. Dar\u00fcber hinaus wird auch besonderer Wert auf die Entwicklung von Ausdauer, Kraft und Beweglichkeit gelegt.<\/p><p>Insgesamt ist Muay Thai eine faszinierende Kampfkunst mit einer reichen Geschichte und einem breiten Anwendungsbereich. Es ist ein Kampfsport, der nicht nur die k\u00f6rperliche Fitness verbessert, sondern auch die geistige St\u00e4rke und Selbstdisziplin f\u00f6rdert.<\/p>\t\t\t\t\t\t<\/div>\n\t\t\t\t<\/div>\n\t\t\t\t\t<\/div>\n\t\t<\/div>\n\t\t\t\t<div class=\"elementor-column elementor-col-33 elementor-top-column elementor-element elementor-element-0e07bf6\" data-id=\"0e07bf6\" data-element_type=\"column\">\n\t\t\t<div class=\"elementor-widget-wrap\">\n\t\t\t\t\t\t\t<\/div>\n\t\t<\/div>\n\t\t\t\t\t<\/div>\n\t\t<\/section>\n\t\t\t\t<\/div>\n\t\t","protected":false},"excerpt":{"rendered":"<p>muaY thai Muay Thai, auch bekannt als &#8220;Thail\u00e4ndisches Boxen&#8221;, ist eine Kampfsportart, die ihren Ursprung in Thailand hat und heute weltweit praktiziert wird. Muay Thai ist bekannt f\u00fcr seine kraftvollen Schl\u00e4ge, Knie- und Ellbogentechniken sowie f\u00fcr den Einsatz von Clinch-Techniken. Die Geschichte des Muay Thai reicht mehrere Jahrhunderte zur\u00fcck und ist eng mit der thail\u00e4ndischen [&hellip;]<\/p>\n","protected":false},"author":1,"featured_media":0,"parent":0,"menu_order":0,"comment_status":"closed","ping_status":"closed","template":"elementor_canvas","meta":{"footnotes":""},"class_list":["post-1336","page","type-page","status-publish","hentry"],"_links":{"self":[{"href":"https:\/\/eaglemuaythai.ch\/index.php?rest_route=\/wp\/v2\/pages\/1336","targetHints":{"allow":["GET"]}}],"collection":[{"href":"https:\/\/eaglemuaythai.ch\/index.php?rest_route=\/wp\/v2\/pages"}],"about":[{"href":"https:\/\/eaglemuaythai.ch\/index.php?rest_route=\/wp\/v2\/types\/page"}],"author":[{"embeddable":true,"href":"https:\/\/eaglemuaythai.ch\/index.php?rest_route=\/wp\/v2\/users\/1"}],"replies":[{"embeddable":true,"href":"https:\/\/eaglemuaythai.ch\/index.php?rest_route=%2Fwp%2Fv2%2Fcomments&post=1336"}],"version-history":[{"count":80,"href":"https:\/\/eaglemuaythai.ch\/index.php?rest_route=\/wp\/v2\/pages\/1336\/revisions"}],"predecessor-version":[{"id":2585,"href":"https:\/\/eaglemuaythai.ch\/index.php?rest_route=\/wp\/v2\/pages\/1336\/revisions\/2585"}],"wp:attachment":[{"href":"https:\/\/eaglemuaythai.ch\/index.php?rest_route=%2Fwp%2Fv2%2Fmedia&parent=1336"}],"curies":[{"name":"wp","href":"https:\/\/api.w.org\/{rel}","templated":true}]}}